{"id":122,"date":"2022-12-03T18:48:05","date_gmt":"2022-12-03T17:48:05","guid":{"rendered":"https:\/\/www.hautarztdirekt.de\/WPneu\/?page_id=122"},"modified":"2026-02-04T20:38:18","modified_gmt":"2026-02-04T19:38:18","slug":"impressum-datenschutzerklaerung","status":"publish","type":"page","link":"https:\/\/www.hautarztdirekt.de\/WPneu\/impressum-datenschutzerklaerung\/","title":{"rendered":"Impressum &#8211; Datenschutzerkl\u00e4rung"},"content":{"rendered":"\t\t<div data-elementor-type=\"wp-page\" data-elementor-id=\"122\" class=\"elementor elementor-122\">\n\t\t\t\t\t\t<section class=\"elementor-section elementor-top-section elementor-element elementor-element-4758a22 elementor-section-boxed elementor-section-height-default elementor-section-height-default\" data-id=\"4758a22\" data-element_type=\"section\" data-e-type=\"section\">\n\t\t\t\t\t\t<div class=\"elementor-container elementor-column-gap-default\">\n\t\t\t\t\t<div class=\"elementor-column elementor-col-100 elementor-top-column elementor-element elementor-element-9128e22\" data-id=\"9128e22\" data-element_type=\"column\" data-e-type=\"column\">\n\t\t\t<div class=\"elementor-widget-wrap elementor-element-populated\">\n\t\t\t\t\t\t<div class=\"elementor-element elementor-element-a3de400 elementor-widget elementor-widget-text-editor\" data-id=\"a3de400\" data-element_type=\"widget\" data-e-type=\"widget\" data-widget_type=\"text-editor.default\">\n\t\t\t\t<div class=\"elementor-widget-container\">\n\t\t\t\t\t\t\t\t\t<p><strong>HAFTUNGSHINWEIS<\/strong> Trotz sorgf\u00e4ltiger inhaltlicher Kontrolle \u00fcbernehmen wir keine Haftung f\u00fcr die Inhalte externer Links. F\u00fcr den Inhalt der verlinkten Seiten sind ausschlie\u00dflich deren Betreiber verantwortlich.\u00a0<\/p><p><strong>Pflichtangaben nach TDG und EGG:<\/strong><strong>\u00a0<\/strong><\/p><div>Gesetzliche Berufsbezeichnung:\u00a0<\/div><div>Facharzt f\u00fcr Haut- und Geschlechtskrankheiten<\/div><div>Zusatz-Weiterbildung\u00a0 Allergologie<\/div><div>\u00a0<\/div><div class=\"art-article\">Betriebsst\u00e4ttennummer:\u00a0 241689300<\/div><div class=\"art-article\">Lebenslange Arztnummer: 362286221<\/div><div class=\"art-article\"><br \/><p><strong>Berufsbezeichnung verliehen in:<\/strong> Bundesrepublik Deutschland<\/p><p><strong>Landes\u00e4rztekammer<\/strong> Nordrhein, Tersteegenstr.9, 40474 D\u00fcsseldorf\u00a0 <strong><a href=\"http:\/\/www.aekno.de\/\" target=\"_blank\" rel=\"noopener noreferrer\">www.aekno.de<\/a><\/strong><\/p><p><strong>Kassen\u00e4rztliche Vereinigung:<\/strong> Nordrhein, Bezirksstelle D\u00fcsseldorf, Tersteegenstr.9, 40474 D\u00fcsseldorf\u00a0 <strong><a href=\"http:\/\/www.kvno.de\/\" target=\"_blank\" rel=\"noopener noreferrer\">www.kvno.de<\/a> <\/strong><\/p><p>Zust\u00e4ndige Aufsichtsbeh\u00f6rde:<br \/>Ministerium f\u00fcr Gesundheit, Emanzipation. Pflege und Alter<br \/>Horionplatz 1<br \/>40213 D\u00fcsseldorf<\/p><\/div>\t\t\t\t\t\t\t\t<\/div>\n\t\t\t\t<\/div>\n\t\t\t\t<div class=\"elementor-element elementor-element-4f25198 elementor-widget elementor-widget-text-editor\" data-id=\"4f25198\" data-element_type=\"widget\" data-e-type=\"widget\" data-widget_type=\"text-editor.default\">\n\t\t\t\t<div class=\"elementor-widget-container\">\n\t\t\t\t\t\t\t\t\t<div class=\"art-article\"><p><strong>Verantwortlich: <\/strong><\/p><p><strong>Der Betreiber:<\/strong><\/p><p><strong>Dr. med. Hanno Thiele <\/strong><\/p><\/div><div><div class=\"art-article\"><p>im Nachfolgenden nur Betreiber genannt, versichert Ihre pers\u00f6nlichen Daten, gem\u00e4\u00df der Datenschutzgesetze zu sch\u00fctzen und sich an die gesetzlichen Regelungen zu halten. Personenbezogene Daten werden auf dieser Website nur im technisch notwendigen Umfang erhoben, der f\u00fcr den Betrieb dieses Online Angebots notwendig ist.<\/p><p>Ihre Daten werden in keinem Fall an Dritte verkauft oder weitergegeben, sofern Dritte dies nicht gerichtlich erzwingen.<\/p><p><strong>NUTZERDATEN \/ PERSONENBEZOGENE DATEN \/ NICKNAMEN<\/strong><\/p><p>Nachfolgend geben wir Ihnen einen \u00dcberblick, welche Daten zu welchem Zweck erhoben werden:<\/p><ul><li>Benutzername &#8211; zur Bereitstellung eines Zugangs damit Sie Ihre Daten selbst zu ver\u00e4ndern<\/li><li>E-mail-Adresse &#8211; um verlorene Logindaten und aktuelle Informationen zu senden<\/li><li>Ort &#8211; Bestimmung der Region in der die Anzeige\/Link aufgegeben wurde<\/li><li>Geburtsdatum (sofern freiwillig angegeben) &#8211; um demografische Daten \u00fcber unsere Nutzer zur erhalten und unser Angebot auf bestimmte Altersgruppen zu optimieren.<\/li><li>Biografie \/ Interessen oder sonstige freiwillige Daten werden erhoben um Interessenten die Kommunikation zu erleichtern und Pers\u00f6nlichkeit zu schaffen. (Diese Daten m\u00fcssen nicht angegeben, werden und sind rein freiwillig. Jeder Nutzer kann frei entscheiden, welche Daten angegeben werden.)<\/li><li>Passwort und Benutzername um Ihnen eine Anmeldung am System und somit erweiterte Funktionen zu erm\u00f6glichen\u00a0<\/li><\/ul><p>Die Software auf unserer Homepage speichert aus technischen Gr\u00fcnden alle Informationen, welche Sie uns \u00fcber Formulare freiwillig \u00fcbermitteln (z.B. bei Registrierung, Abgabe von Kommentaren etc.) Dies betrifft insbesondere Links, Kommentare, Nutzernamen, E-Mailadressen, Passw\u00f6rter (kodiert weder von uns noch von Dritten ohne kriminelle Intelligenz entschl\u00fcsselbar) und sonstige freiwilligen Angaben und Inhalte welche Sie wissentlich \u00fcbermitteln. Es bleibt Ihnen frei Phantasiedaten zu \u00fcbermitteln. Bei Missbrauch unseres Angebot, Angriffen oder Ver\u00f6ffentlichung illegaler Inhalte werden die \u00fcbermittelten Daten auf gerichtliche Anordnung weitergegeben.\u00a0<\/p><p>\u00dcber das Kontaktformular \u00fcbermittelte Informationen \/ E-Mails werden zus\u00e4tzlich auf einem lokalen PC mit Hilfe eines E-Mail Programms gespeichert (um die Kommunikation zu dokumentieren und Fragen schneller beantworten zu k\u00f6nnen). Auf schriftliche Aufforderung l\u00f6schen wir auch diese EMails sofort.\u00a0<\/p><p><strong>Technische Daten SERVER LOG DATEN (LOG FILES)<\/strong><\/p><p>Wenn Sie unsere Website aufrufen, werden allgemeine Daten und Informationen in den Logfiles des Servers gespeichert. Erfasst werden dabei unter Umst\u00e4nden folgende Daten:<\/p><ul><li>Betriebssystem\u00a0\u00a0<\/li><li>Browser Typ\/ Version\u00a0\u00a0<\/li><li>IP Adresse (Spamschutz, eindeutige Zuordnung.\u00a0\u00a0<\/li><li>Datum und Uhrzeit des Besuches<\/li><li>Den Internet-Service-Provider des Nutzers<\/li><li>Websites, von denen das System des Nutzers auf unsere Internetseite gelangt<\/li><li>Websites, die vom System des Nutzers \u00fcber unsere Website aufgerufen werden<\/li><\/ul><p>Bei der Nutzung dieser allgemeinen Daten und Informationen ziehen wir keine R\u00fcckschl\u00fcsse auf die betroffene Person. Die Erhebung der Daten ist technisch notwendig, um von Ihnen angeforderte Inhalte von Webseiten korrekt auszuliefern und fallen bei der Nutzung des Internets zwingend an.<\/p><p>Die anonymen Daten der Server-Logfiles werden getrennt von allen anderen durch eine betroffene Person wom\u00f6glich an anderer Stelle eingegebenen personenbezogenen Daten gespeichert.<\/p><p>Die Verarbeitung erfolgt auf der Grundlage von Art. 6 lit. b DSGVO<\/p><p>Die zuvor beschriebenen technischen Daten werden gel\u00f6scht, sobald Sie die Website verlassen. Etwas anderes gilt nur dann, wenn wir Sie in der vorliegenden Datenschutzerkl\u00e4rung dar\u00fcber aufkl\u00e4ren, dass die Daten wom\u00f6glich f\u00fcr andere Zwecke (etwa f\u00fcr eine Analyse) noch ben\u00f6tigt werden.<\/p><div>Bitte haben Sie Verst\u00e4ndnis, dass Serverlogdaten f\u00fcr Sicherheit und Schutz dieser Webpr\u00e4senz unbedingt erforderlich sind.<\/div><div>\u00a0<\/div><div>Die Bereitstellung dieser technischen Daten ist weder gesetzlich noch vertraglich vorgeschrieben oder f\u00fcr einen Vertragsabschluss erforderlich. Sie sind nicht verpflichtet die personenbezogenen Daten bereitzustellen. Wenn Ihr System die erforderlichen Informationen nicht oder nicht vollst\u00e4ndig zur Verf\u00fcgung stellt, kann das dazu f\u00fchren, dass unsere Website nicht oder nicht vollst\u00e4ndig aufgerufen werden kann.<\/div><div>\u00a0<\/div><p><strong>COOKIES<\/strong><\/p><p>F\u00fcr unseren Internetauftritt nutzen wir Session Cookies<\/p><p>Cookies sind Textdateien, die im Rahmen Ihres Besuchs unserer Internetseiten von unserem Webserver an Ihren Browser gesandt und von diesem auf Ihrem Rechner f\u00fcr einen sp\u00e4teren Abruf vorgehalten werden. Ihr Name wird dabei nicht \u00fcbermittelt.<\/p><p>Ob wir Cookies einsetzen k\u00f6nnen, k\u00f6nnen Sie durch die Einstellungen in Ihrem Browser selbst bestimmen. Sie k\u00f6nnen in Ihrem Browser das Speichern von Cookies vollst\u00e4ndig deaktivieren, es auf bestimmte Websites beschr\u00e4nken oder Ihren Browser so konfigurieren, dass er Sie automatisch benachrichtigt, sobald ein Cookie gesetzt werden soll.<\/p><p>Eine Erhebung oder Speicherung personenbezogener Daten in Cookies findet in diesem Zusammenhang durch uns nicht statt. Bei den von uns eingesetzten Cookies handelt es sich ausschlie\u00dflich um sogenannte Session-Cookies, die ein Tracking des Nutzungsverhaltens nicht erm\u00f6glichen. Wir setzen auch keine Techniken ein, die durch Cookies anfallende Informationen &#8211; etwa die IP-Adresse &#8211; mit Nutzerdaten verbinden.<\/p><p>Die Verarbeitung erfolgt auf der Grundlage von Art.6 Abs.1b DSGVO.<\/p><p>Das berechtigte Interesse, das wir mit der Verarbeitung verfolgen, besteht darin, unsere Website bedarfsgerecht zu gestalten und die von Ihnen abgerufenen Angebote auf der Website zu ermitteln.<br \/>Soweit Cookies von uns eingesetzt werden, werden sie beim Beenden der Browsersitzung automatisch oder nach einer fest vorgegebenen Zeit gel\u00f6scht. Detaillierte Informationen zu den von uns eingesetzten Cookies k\u00f6nnen Sie Ihrem Browser entnehmen. Cookies lassen sich zudem \u00fcber eine von Ihrem Browser bereitgestellte L\u00f6schfunktion von Ihrem System manuell entfernen.<br \/>Der Einsatz von Cookies ist weder gesetzlich noch vertraglich vorgeschrieben und f\u00fcr einen Vertragsabschluss auch nicht erforderlich. Sie sind nicht verpflichtet ist, die personenbezogenen Daten bereitzustellen. Wenn Sie allerdings den Einsatz von Cookies nicht zulassen, kann das dazu f\u00fchren, dass einige Funktionen der Website nicht oder nicht richtig funktionieren und\/oder bestimmte Inhalte nicht oder nicht richtig angezeigt werden.<\/p><p><strong>Google Analytics<\/strong><br \/>Die technischen Daten, die Sie beim Aufruf unserer Website automatisch \u00fcbermitteln, darunter auch die IP-Adresse, verwenden wir, um anonymisierte Statistiken zu erstellen, die uns Aufschluss dar\u00fcber geben, wie unsere Website genutzt wird. Ihre IP-Adresse wird dabei gek\u00fcrzt und auf diese Weise anonymisiert, wenn Sie auf unsere Internetseiten aus einem Mitgliedstaat der Europ\u00e4ischen Union oder aus einem anderen Vertragsstaat des Europ\u00e4ischen Wirtschaftsraums zugreifen.<br \/>Wir nutzen den Dienst \u00bbGoogle Analytics\u00ab, der von der Google Inc. (1600 Amphitheatre Parkway Mountain View, CA 94043, USA) angeboten wird, zur Analyse der Websitebenutzung durch Nutzer. Der Dienst verwendet \u00bbCookies\u00ab \u2013 also Textdateien, die auf Ihrem Endger\u00e4t gespeichert werden. Die durch die Cookies gesammelten Informationen werden im Regelfall an einen Google-Server in den USA gesandt und dort gespeichert.<br \/>Die IP-Adresse der Nutzer wird innerhalb der Mitgliedsstaaten der EU und des Europ\u00e4ischen Wirtschaftsraums allerdings gek\u00fcrzt. Durch diese K\u00fcrzung entf\u00e4llt der Personenbezug Ihrer IP-Adresse. Im Rahmen der Vereinbarung zur Auftragsdatenvereinbarung, die wir mit der Google Inc. geschlossen haben, erstellt diese mithilfe der gesammelten Informationen eine Auswertung der Websitenutzung und der Websiteaktivit\u00e4t und erbringt mit der Internetnutzung verbundene Dienstleistungen.<br \/>Sie haben die M\u00f6glichkeit, die Speicherung des Cookies auf Ihrem Ger\u00e4t zu verhindern, indem Sie in Ihrem Browser entsprechende Einstellungen vornehmen. Es ist nicht gew\u00e4hrleistet, dass Sie auf alle Funktionen dieser Website ohne Einschr\u00e4nkungen zugreifen k\u00f6nnen, wenn Ihr Browser keine Cookies zul\u00e4sst.<br \/>Zudem k\u00f6nnen Sie durch ein Browser-Plugin verhindern, dass die durch Cookies gesammelten Informationen (inklusive Ihrer IP-Adresse) an die Google Inc. gesendet und von der Google Inc. genutzt werden. Dieser Link f\u00fchrt Sie zu dem entsprechenden Plugin. Unter diesem Link finden Sie weitere Informationen zur Datennutzung durch die Google Inc.<br \/>Die Verarbeitung erfolgt auf der Grundlage von Art. 6 Abs. 1 lit. f DSGVO. Wir haben ein berechtigtes Interesse daran, den Nutzungsumfang unserer Angebote im Internet abzusch\u00e4tzen.<br \/>Die Daten werden von uns gel\u00f6scht, sobald sie f\u00fcr statistische Zwecke nicht mehr ben\u00f6tigt werden, sp\u00e4testens aber nach einem Monat.<br \/>Die Bereitstellung Ihrer Daten f\u00fcr Google Analytics ist weder gesetzlich noch vertraglich vorgeschrieben und f\u00fcr einen Vertragsabschluss auch nicht erforderlich. Wenn Sie einer Verarbeitung widersprechen, hat das f\u00fcr Sie keinerlei Konsequenzen.<\/p><p><strong>IHRE RECHTE ALS BETROFFENER<\/strong>\u00a0\u00a0\u00a0\u00a0\u00a0\u00a0\u00a0\u00a0\u00a0\u00a0\u00a0\u00a0\u00a0\u00a0\u00a0\u00a0\u00a0\u00a0\u00a0\u00a0\u00a0\u00a0\u00a0\u00a0\u00a0\u00a0\u00a0\u00a0\u00a0\u00a0\u00a0\u00a0\u00a0\u00a0\u00a0\u00a0<strong>\u00a0\u00a0 <\/strong><\/p><p>Sie haben das Recht:<\/p><ul><li>gem\u00e4\u00df Art. 15 DSGVO Auskunft \u00fcber Ihre von uns verarbeiteten personenbezogenen Daten zu verlangen. Insbesondere k\u00f6nnen Sie Auskunft \u00fcber die Verarbeitungszwecke, die Kategorie der personenbezogenen Daten, die Kategorien von Empf\u00e4ngern, gegen\u00fcber denen Ihre Daten offengelegt wurden oder werden, die geplante Speicherdauer, das Bestehen eines Rechts auf Berichtigung, L\u00f6schung, Einschr\u00e4nkung der Verarbeitung oder Widerspruch, das Bestehen eines Beschwerderechts, die Herkunft ihrer Daten, sofern diese nicht bei uns erhoben wurden, sowie \u00fcber das Bestehen einer automatisierten Entscheidungsfindung einschlie\u00dflich Profiling und gegebenenfalls aussagekr\u00e4ftige Informationen zu deren Einzelheiten\u00a0 verlangen;\u00a0<\/li><li>gem\u00e4\u00df Art. 16 DSGVO unverz\u00fcglich die Berichtigung unrichtiger oder Vervollst\u00e4ndigung Ihrer bei uns gespeicherten personenbezogenen Daten zu verlangen;\u00a0<\/li><li>gem\u00e4\u00df Art. 17 DSGVO die L\u00f6schung Ihrer bei uns gespeicherten personenbezogenen Daten zu verlangen, soweit nicht die Verarbeitung zur Aus\u00fcbung des Rechts auf freie Meinungs\u00e4u\u00dferung und Information, zur Erf\u00fcllung einer rechtlichen Verpflichtung, aus Gr\u00fcnden des \u00f6ffentlichen Interesses oder zur Geltendmachung, Aus\u00fcbung oder Verteidigung von Rechtsanspr\u00fcchen erforderlich ist;\u00a0<\/li><li>gem\u00e4\u00df Art. 18 DSGVO die Einschr\u00e4nkung der Verarbeitung Ihrer personenbezogenen Daten zu verlangen, soweit die Richtigkeit der Daten von Ihnen bestritten wird, die Verarbeitung unrechtm\u00e4\u00dfig ist, Sie aber deren L\u00f6schung ablehnen und wir die Daten nicht mehr ben\u00f6tigen, Sie jedoch diese zur Geltendmachung, Aus\u00fcbung oder Verteidigung von Rechtsanspr\u00fcchen ben\u00f6tigen oder Sie gem\u00e4\u00df Art. 21 DSGVO Widerspruch gegen die Verarbeitung eingelegt haben;\u00a0<\/li><li>gem\u00e4\u00df Art. 20 DSGVO Ihre personenbezogenen Daten, die Sie uns bereitgestellt haben, in einem strukturierten, g\u00e4ngigen und maschinenlesebaren Format zu erhalten oder die \u00dcbermittlung an einen anderen Verantwortlichen zu verlangen;\u00a0<\/li><li>gem\u00e4\u00df Art. 7 Abs. 3 DSGVO Ihre einmal erteilte Einwilligung jederzeit gegen\u00fcber uns zu widerrufen. Dies hat zur Folge, dass wir die Datenverarbeitung, die auf dieser Einwilligung beruhte, f\u00fcr die Zukunft nicht mehr fortf\u00fchren d\u00fcrfen;\u00a0<\/li><li>gem\u00e4\u00df Art. 77 DSGVO sich bei einer Aufsichtsbeh\u00f6rde zu beschweren. Die f\u00fcr unseren Praxissitz \u00f6rtlich zust\u00e4ndige Aufsichtsbeh\u00f6rde ist die Landesbeauftragte f\u00fcr den Datenschutz Nordrhein-Westfalen, Kavalleriestra\u00dfe 2-4, 40213 D\u00fcsseldorf<\/li><\/ul><p><strong>Widerspruchsrecht<\/strong><br \/>Sofern Ihre personenbezogenen Daten auf Grundlage von berechtigten Interessen gem\u00e4\u00df Art. 6 Abs. 1 S. 1 lit. f DSGVO verarbeitet werden, haben Sie das Recht, gem\u00e4\u00df Art. 21 DSGVO Widerspruch gegen die Verarbeitung Ihrer personenbezogenen Daten einzulegen, soweit daf\u00fcr Gr\u00fcnde vorliegen, die sich aus Ihrer besonderen Situation ergeben oder sich der Widerspruch gegen Direktwerbung richtet. Im letzteren Fall haben Sie ein generelles Widerspruchsrecht, das ohne Angabe einer besonderen Situation von uns umgesetzt wird. M\u00f6chten Sie von Ihrem <br \/>Widerrufs- oder Widerspruchsrecht Gebrauch machen, gen\u00fcgt eine Mitteilung an uns.<\/p><p>email: praxis@hautarztdirekt.de<\/p><hr \/><p><strong><a href=\"http:\/\/www.gesetze-im-internet.de\/heilmwerbg\/BJNR006049965.html\" target=\"_blank\" rel=\"noopener noreferrer\">HEILMITTELWERBEGESETZ<\/a><\/strong><\/p><p><a href=\"http:\/\/www.aekno.de\/page.asp?pageID=57\" target=\"_blank\" rel=\"noopener noreferrer\"><strong>BERUFSORDNUNG \u00c4RZTEKAMMER NORDRHEIN<\/strong><\/a><\/p><p><strong><a href=\"https:\/\/www.aekno.de\/page.asp?pageID=5234\" target=\"_blank\" rel=\"noopener noreferrer\">HEILBERUFSGESETZ NRW<\/a><\/strong><\/p><\/div><\/div>\t\t\t\t\t\t\t\t<\/div>\n\t\t\t\t<\/div>\n\t\t\t\t\t<\/div>\n\t\t<\/div>\n\t\t\t\t\t<\/div>\n\t\t<\/section>\n\t\t\t\t<\/div>\n\t\t","protected":false},"excerpt":{"rendered":"<p>HAFTUNGSHINWEIS Trotz sorgf\u00e4ltiger inhaltlicher Kontrolle \u00fcbernehmen wir keine Haftung f\u00fcr die Inhalte externer Links. F\u00fcr den Inhalt der verlinkten Seiten sind ausschlie\u00dflich deren Betreiber verantwortlich.\u00a0 Pflichtangaben nach TDG und EGG:\u00a0 Gesetzliche Berufsbezeichnung:\u00a0Facharzt f\u00fcr Haut- und GeschlechtskrankheitenZusatz-Weiterbildung\u00a0 Allergologie\u00a0Betriebsst\u00e4ttennummer:\u00a0 241689300Lebenslange Arztnummer: 362286221 Berufsbezeichnung verliehen in: Bundesrepublik Deutschland Landes\u00e4rztekammer Nordrhein, Tersteegenstr.9, 40474 D\u00fcsseldorf\u00a0 www.aekno.de Kassen\u00e4rztliche Vereinigung: Nordrhein, Bezirksstelle [&hellip;]<\/p>\n","protected":false},"author":2,"featured_media":0,"parent":0,"menu_order":0,"comment_status":"closed","ping_status":"closed","template":"","meta":{"ocean_post_layout":"","ocean_both_sidebars_style":"","ocean_both_sidebars_content_width":0,"ocean_both_sidebars_sidebars_width":0,"ocean_sidebar":"0","ocean_second_sidebar":"0","ocean_disable_margins":"enable","ocean_add_body_class":"","ocean_shortcode_before_top_bar":"","ocean_shortcode_after_top_bar":"","ocean_shortcode_before_header":"","ocean_shortcode_after_header":"","ocean_has_shortcode":"","ocean_shortcode_after_title":"","ocean_shortcode_before_footer_widgets":"","ocean_shortcode_after_footer_widgets":"","ocean_shortcode_before_footer_bottom":"","ocean_shortcode_after_footer_bottom":"","ocean_display_top_bar":"default","ocean_display_header":"default","ocean_header_style":"","ocean_center_header_left_menu":"0","ocean_custom_header_template":"0","ocean_custom_logo":0,"ocean_custom_retina_logo":0,"ocean_custom_logo_max_width":0,"ocean_custom_logo_tablet_max_width":0,"ocean_custom_logo_mobile_max_width":0,"ocean_custom_logo_max_height":0,"ocean_custom_logo_tablet_max_height":0,"ocean_custom_logo_mobile_max_height":0,"ocean_header_custom_menu":"0","ocean_menu_typo_font_family":"0","ocean_menu_typo_font_subset":"","ocean_menu_typo_font_size":0,"ocean_menu_typo_font_size_tablet":0,"ocean_menu_typo_font_size_mobile":0,"ocean_menu_typo_font_size_unit":"px","ocean_menu_typo_font_weight":"","ocean_menu_typo_font_weight_tablet":"","ocean_menu_typo_font_weight_mobile":"","ocean_menu_typo_transform":"","ocean_menu_typo_transform_tablet":"","ocean_menu_typo_transform_mobile":"","ocean_menu_typo_line_height":0,"ocean_menu_typo_line_height_tablet":0,"ocean_menu_typo_line_height_mobile":0,"ocean_menu_typo_line_height_unit":"","ocean_menu_typo_spacing":0,"ocean_menu_typo_spacing_tablet":0,"ocean_menu_typo_spacing_mobile":0,"ocean_menu_typo_spacing_unit":"","ocean_menu_link_color":"","ocean_menu_link_color_hover":"","ocean_menu_link_color_active":"","ocean_menu_link_background":"","ocean_menu_link_hover_background":"","ocean_menu_link_active_background":"","ocean_menu_social_links_bg":"","ocean_menu_social_hover_links_bg":"","ocean_menu_social_links_color":"","ocean_menu_social_hover_links_color":"","ocean_disable_title":"default","ocean_disable_heading":"default","ocean_post_title":"","ocean_post_subheading":"","ocean_post_title_style":"","ocean_post_title_background_color":"","ocean_post_title_background":0,"ocean_post_title_bg_image_position":"","ocean_post_title_bg_image_attachment":"","ocean_post_title_bg_image_repeat":"","ocean_post_title_bg_image_size":"","ocean_post_title_height":0,"ocean_post_title_bg_overlay":0.5,"ocean_post_title_bg_overlay_color":"","ocean_disable_breadcrumbs":"default","ocean_breadcrumbs_color":"","ocean_breadcrumbs_separator_color":"","ocean_breadcrumbs_links_color":"","ocean_breadcrumbs_links_hover_color":"","ocean_display_footer_widgets":"default","ocean_display_footer_bottom":"default","ocean_custom_footer_template":"0","footnotes":""},"class_list":["post-122","page","type-page","status-publish","hentry","entry"],"_links":{"self":[{"href":"https:\/\/www.hautarztdirekt.de\/WPneu\/wp-json\/wp\/v2\/pages\/122","targetHints":{"allow":["GET"]}}],"collection":[{"href":"https:\/\/www.hautarztdirekt.de\/WPneu\/wp-json\/wp\/v2\/pages"}],"about":[{"href":"https:\/\/www.hautarztdirekt.de\/WPneu\/wp-json\/wp\/v2\/types\/page"}],"author":[{"embeddable":true,"href":"https:\/\/www.hautarztdirekt.de\/WPneu\/wp-json\/wp\/v2\/users\/2"}],"replies":[{"embeddable":true,"href":"https:\/\/www.hautarztdirekt.de\/WPneu\/wp-json\/wp\/v2\/comments?post=122"}],"version-history":[{"count":14,"href":"https:\/\/www.hautarztdirekt.de\/WPneu\/wp-json\/wp\/v2\/pages\/122\/revisions"}],"predecessor-version":[{"id":358,"href":"https:\/\/www.hautarztdirekt.de\/WPneu\/wp-json\/wp\/v2\/pages\/122\/revisions\/358"}],"wp:attachment":[{"href":"https:\/\/www.hautarztdirekt.de\/WPneu\/wp-json\/wp\/v2\/media?parent=122"}],"curies":[{"name":"wp","href":"https:\/\/api.w.org\/{rel}","templated":true}]}}